{"id":92,"date":"2012-03-21T14:55:17","date_gmt":"2012-03-21T14:55:17","guid":{"rendered":"http:\/\/film-mag.net\/wp\/?page_id=92"},"modified":"2026-01-29T00:56:38","modified_gmt":"2026-01-28T23:56:38","slug":"kino-raspored","status":"publish","type":"page","link":"http:\/\/film-mag.net\/wp\/?page_id=92","title":{"rendered":"Kina u Hrvatskoj"},"content":{"rendered":"<h3><strong>ZAGREB<\/strong><\/h3>\n<p><a href=\"https:\/\/cinestarcinemas.hr\/zagreb\" target=\"_blank\" rel=\"noopener noreferrer\"><strong>CINESTAR<\/strong><\/a><br \/>\nBranimirova 29, 01 4686 600<\/p>\n<p><a href=\"https:\/\/cinestarcinemas.hr\/zagreb-branimir-mingle-mall\" target=\"_blank\" rel=\"noopener noreferrer\"><strong>Branimir Mingle Mall<\/strong><\/a><\/p>\n<p><a href=\"https:\/\/cinestarcinemas.hr\/novi-zagreb-avenue-mall\" target=\"_blank\" rel=\"noopener noreferrer\"><strong>Avenue Mall<\/strong><\/a><\/p>\n<p><a href=\"https:\/\/kaptolcinema.hr\/\" target=\"_blank\" rel=\"noopener noreferrer\"><strong>Kaptol Boutique Cinema<\/strong><\/a><\/p>\n<p><a href=\"https:\/\/cinestarcinemas.hr\/zagreb-zapad-z-centar\" target=\"_blank\" rel=\"noopener noreferrer\"><strong>Z Centar<\/strong><\/a><\/p>\n<p><a href=\"https:\/\/cinestarcinemas.hr\/zagreb-imax-arena-centar\" target=\"_blank\" rel=\"noopener noreferrer\"><strong>Arena Centar<\/strong><\/a><\/p>\n<p><a href=\"http:\/\/www.dokukino.net\/\" target=\"_blank\" rel=\"noopener noreferrer\"><strong>DOKUKINO KIC<\/strong><\/a><\/p>\n<p><a href=\"http:\/\/www.hfs.hr\" target=\"_blank\" rel=\"noopener noreferrer\"><strong>HRVATSKI FILMSKI SAVEZ<\/strong><\/a><br \/>\nKino Tu\u0161kanac<br \/>\n<a href=\"http:\/\/www.filmski-programi.hr\/program.php?smjer=asc\" target=\"_blank\" rel=\"noopener noreferrer\"><strong>Raspored projekcija<\/strong><\/a><\/p>\n<p><a href=\"http:\/\/www.msu.hr\/stranice\/projekcije-ovog-tjedna\/23.html\" target=\"_blank\" rel=\"noopener noreferrer\"><strong>KINO METROPOLIS<\/strong><\/a><\/p>\n<p><a href=\"http:\/\/www.centarcesarec.hr\/kinoteka\/program\/\" target=\"_blank\" rel=\"noopener noreferrer\"><strong>KINO KINOTEKA<\/strong><\/a><\/p>\n<p><a href=\"http:\/\/www.cineplexx.hr\/\" target=\"_blank\" rel=\"noopener noreferrer\"><strong>CINEPLEXX City Centar East<\/strong><\/a><\/p>\n<h3><strong>SAMOBOR<\/strong><\/h3>\n<p><a href=\"https:\/\/www.samobor.hr\/kino\" target=\"_blank\" rel=\"noopener noreferrer\"><strong> Kino Samobor<\/strong> <\/a><\/p>\n<h3><strong>VARA\u017dDIN<\/strong><\/h3>\n<p><a href=\"https:\/\/cinestarcinemas.hr\/varazdin-lumini\" target=\"_blank\" rel=\"noopener noreferrer\"><strong> Cinestar Vara\u017edin Lumini Centar<\/strong> <\/a><\/p>\n<p><a href=\"https:\/\/www.kinogaj.hr\/\" target=\"_blank\" rel=\"noopener noreferrer\"><strong> Kino Gaj<\/strong> <\/a><\/p>\n<h3><strong>KOPRIVNICA<\/strong><\/h3>\n<p><a href=\"https:\/\/kino.pou-kop.hr\/\" target=\"_blank\" rel=\"noopener noreferrer\"><strong> Kino Velebit<\/strong> <\/a><\/p>\n<h3><strong>KARLOVAC<\/strong><\/h3>\n<p><strong><a href=\"https:\/\/kino-edison.hr\/\" target=\"_blank\" rel=\"noopener noreferrer\">Kino Edison\u00a0<\/a><\/strong><\/p>\n<h3><strong>RIJEKA<\/strong><\/h3>\n<p><strong><a href=\"https:\/\/www.art-kino.org\/hr\" target=\"_blank\" rel=\"noopener noreferrer\">ART KINO<\/a> <\/strong><a href=\"https:\/\/www.art-kino.org\/hr\" target=\"_blank\" rel=\"noopener noreferrer\"><strong>Raspored projekcija<\/strong><\/a><br \/>\n<strong><a href=\"https:\/\/cinestarcinemas.hr\/rijeka-tower-center\" target=\"_blank\" rel=\"noopener noreferrer\">CineStar Rijeka 4DX Tower Centar<\/a> <\/strong><a href=\"https:\/\/rijeka.cinestarcinemas.hr\/\" target=\"_blank\" rel=\"noopener noreferrer\"><strong>Raspored projekcija<\/strong><\/a><\/p>\n<h3><strong>PULA<\/strong><\/h3>\n<p><a href=\"http:\/\/film-mag.net\/wp\/?p=36567\" target=\"_blank\" rel=\"noopener noreferrer\"><strong>KINO VALLI<\/strong><\/a> Giardini 1 052 \/ 223 161<br \/>\n<a href=\"https:\/\/www.kinovalli.net\/\" target=\"_blank\" rel=\"noopener noreferrer\"><strong>Raspored projekcija<\/strong><\/a><\/p>\n<p><strong>CineStar Pula<\/strong><br \/>\n<a href=\"https:\/\/www.blitz-cinestar.hr\/cinestar-pula\" target=\"_blank\" rel=\"noopener noreferrer\"><strong>Raspored projekcija<\/strong><\/a><\/p>\n<h3><strong>ROVINJ<\/strong><\/h3>\n<p><a href=\"https:\/\/www.pour.hr\/kultura\/filmske-projekcije\" target=\"_blank\" rel=\"noopener noreferrer\"><strong>Cinema &#8216;Gandusio&#8217;<\/strong><\/a><\/p>\n<h3><strong>ZADAR<\/strong><\/h3>\n<p><a href=\"https:\/\/cinestarcinemas.hr\/sibenik-dalmare\" target=\"_blank\" rel=\"noopener noreferrer\"><strong>CineStart Zadar<\/strong><\/a><\/p>\n<h3><strong>\u0160IBENIK<\/strong><\/h3>\n<p><a href=\"https:\/\/cinestarcinemas.hr\/sibenik-dalmare\" target=\"_blank\" rel=\"noopener noreferrer\"><strong>CineStar \u0160ibenik<\/strong><\/a><\/p>\n<h3><strong>SPLIT<\/strong><\/h3>\n<p><a href=\"https:\/\/www.cineplexx.hr\/film\/kino-program\/?center=502\" target=\"_blank\" rel=\"noopener noreferrer\"><strong>Cineplexx Cineplexx City Center one Split<\/strong><\/a><br \/>\n<strong><a href=\"https:\/\/cinestarcinemas.hr\/split-joker\" target=\"_blank\" rel=\"noopener noreferrer\">CineStar Split Joker Centar<\/a><\/strong><br \/>\n<strong><a href=\"https:\/\/cinestarcinemas.hr\/split-mall-of-split\" target=\"_blank\" rel=\"noopener noreferrer\">CineStar Split 4DX Mall of Split<\/a><\/strong><br \/>\n<a href=\"https:\/\/kinokaraman.eu\/hr\/index.html\" target=\"_blank\" rel=\"noopener noreferrer\"><strong>Kino Karaman<\/strong><\/a><br \/>\n<a href=\"http:\/\/zlatnavrata.hr\/\" target=\"_blank\" rel=\"noopener noreferrer\"><strong> KINOTEKA ZLATNA VRATA<\/strong> <\/a><br \/>\nKinoteka Zlatna vrata Dioklecijanova 7 21000 Split 021\/ 361 524<br \/>\n<strong><a href=\"http:\/\/zlatnavrata.hr\/\" target=\"_blank\" rel=\"noopener noreferrer\"> Raspored projekcija <\/a><\/strong><\/p>\n<h3><strong>DUBROVNIK<\/strong><\/h3>\n<p><a href=\"https:\/\/cinestarcinemas.hr\/dubrovnik-dvori-lapad\" target=\"_blank\" rel=\"noopener noreferrer\"><strong> CineStar Dubrovnik<\/strong> <\/a><br \/>\n<a href=\"https:\/\/kinematografi.org\/\" target=\"_blank\" rel=\"noopener noreferrer\"><strong> Kinematografi Dubrovnik<\/strong> <\/a><\/p>\n<h3><strong>SLAVONSKI BROD<\/strong><\/h3>\n<p><a href=\"https:\/\/cinestarcinemas.hr\/slavonski-brod-supernova-colosseum\" target=\"_blank\" rel=\"noopener noreferrer\"><strong> Cinestar Slavonski Brod<\/strong> <\/a><\/p>\n<h3><strong>OSIJEK<\/strong><\/h3>\n<p><a href=\"https:\/\/cinestarcinemas.hr\/osijek-portanova-centar\" target=\"_blank\" rel=\"noopener noreferrer\"><strong>CineStar Osijek<\/strong><\/a><br \/>\n<strong><a href=\"https:\/\/kinematografi-osijek.hr\/\" target=\"_blank\" rel=\"noopener noreferrer\"> Kinematografi Osijek <\/a><\/strong><\/p>\n<h3><strong>VUKOVAR<\/strong><\/h3>\n<p><strong><a href=\"https:\/\/cinestarcinemas.hr\/vukovar-k-centar-golubica\" target=\"_blank\" rel=\"noopener noreferrer\"> CineStar Vukovar <\/a><\/strong><\/p>\n<hr \/>\n<h3><strong>Danska<\/strong><\/h3>\n<p><a href=\"https:\/\/www.cinemaxx.dk\/\" target=\"_blank\" rel=\"noopener noreferrer\"><strong>CinemaXX<\/strong><\/a><\/p>\n<h3><strong>Velika Britanija<\/strong><\/h3>\n<p><a href=\"https:\/\/www.curzon.com\/\" target=\"_blank\" rel=\"noopener noreferrer\"><strong>Curzon<\/strong><\/a><\/p>\n<hr \/>\n<h3><strong>Kina koja su nestala <\/strong><\/h3>\n<p><a href=\"http:\/\/www.kinoeuropa.hr\" target=\"_blank\" rel=\"noopener noreferrer\">KINO EUROPA<\/a><\/p>\n<p><a href=\"http:\/\/www.broadway-kina.com\" target=\"_blank\" rel=\"noopener noreferrer\">BROADWAY 5 TKAL\u010cA<\/a><br \/>\nNova Ves 17 01\/4667 686 , 01\/4667 687<br \/>\n<a href=\"http:\/\/82.193.218.26\/tjedni.php\" target=\"_blank\" rel=\"noopener noreferrer\">Raspored projekcija<\/a><\/p>\n<p><a href=\"http:\/\/www.a1-galerija.hr\" target=\"_blank\" rel=\"noopener noreferrer\">A1 GALERIJA<\/a><br \/>\nIblerov trg, 01\/4619 138, 01\/4619 139<br \/>\n<a href=\"http:\/\/www.a1-galerija.hr\/\" target=\"_blank\" rel=\"noopener noreferrer\">Raspored projekcija<\/a><\/p>\n<p>KINOTEKA Kordunska 1, 01\/37-71-753<\/p>\n<p><a href=\"http:\/\/www.kinematografi.hr\" target=\"_blank\" rel=\"noopener noreferrer\">KINEMATOGRAFI<\/a><br \/>\n01\/4834-900, 062 100 100<\/p>\n<p><a href=\"http:\/\/www.kinematografi.hr\/main.asp?ID=87\" target=\"_blank\" rel=\"noopener noreferrer\">Raspored projekcija<\/a> <a href=\"http:\/\/www.movieplex.hr\" target=\"_blank\" rel=\"noopener noreferrer\">MOVIEPLEX<\/a><br \/>\nNova Ves 17 01 4667 686 , 01 4667 687<br \/>\n<a href=\"http:\/\/www.movieplex.hr\/raspored\" target=\"_blank\" rel=\"noopener noreferrer\">Raspored projekcija<\/a><\/p>\n<p><a href=\"http:\/\/www.rijekakino.hr\/\" target=\"_blank\" rel=\"noopener noreferrer\">RIJEKA KINO<\/a> <a href=\"http:\/\/www.rijekakino.hr\/kino\/default.asp\" target=\"_blank\" rel=\"noopener noreferrer\">Raspored projekcija<\/a><\/p>\n<p><a href=\"http:\/\/www.broadway-kina.com\/\" target=\"_blank\" rel=\"noopener noreferrer\">BROADWAY KINA SPLIT<\/a><\/p>\n<p><a href=\"http:\/\/www.mochvara.hr\" target=\"_blank\" rel=\"noopener noreferrer\">MO\u010cVARA<\/a><br \/>\nFILMSKI PONEDJELJAK<br \/>\n<a href=\"http:\/\/www.mochvara.hr\/program\/program.php\" target=\"_blank\" rel=\"noopener noreferrer\">Raspored projekcija<\/a><\/p>\n<p><a href=\"http:\/\/www.sczg.hr\" target=\"_blank\" rel=\"noopener noreferrer\">SC-STUDENTSKI CENTAR<\/a><br \/>\nSavska cesta 25, 01 45-93-541, 611<\/p>\n<div id=\"fb_share_1\" style=\"float: right; margin-left: 10px;\"><a name=\"fb_share\" type=\"box_count\" share_url=\"http:\/\/film-mag.net\/wp\/?page_id=92\" href=\"http:\/\/www.facebook.com\/sharer.php\">Share<\/a><\/div><div><script src=\"http:\/\/static.ak.fbcdn.net\/connect.php\/js\/FB.Share\" type=\"text\/javascript\"><\/script><\/div><div style=\"clear:both\"><\/div>","protected":false},"excerpt":{"rendered":"<p>ZAGREB CINESTAR Branimirova 29, 01 4686 600 Branimir Mingle Mall Avenue Mall Kaptol Boutique Cinema Z Centar Arena Centar DOKUKINO KIC HRVATSKI FILMSKI SAVEZ Kino Tu\u0161kanac Raspored projekcija KINO METROPOLIS KINO KINOTEKA CINEPLEXX City Centar East SAMOBOR Kino Samobor VARA\u017dDIN Cinestar Vara\u017edin Lumini Centar Kino Gaj KOPRIVNICA Kino Velebit KARLOVAC Kino Edison\u00a0 RIJEKA ART KINO [&hellip;]<\/p>\n","protected":false},"author":1,"featured_media":0,"parent":0,"menu_order":0,"comment_status":"closed","ping_status":"closed","template":"","meta":{"_et_pb_use_builder":"","_et_pb_old_content":"","_et_gb_content_width":"","_editorskit_title_hidden":false,"_editorskit_reading_time":0,"_editorskit_is_block_options_detached":false,"_editorskit_block_options_position":"{}","footnotes":""},"class_list":["post-92","page","type-page","status-publish","hentry"],"yoast_head":"<!-- This site is optimized with the Yoast SEO plugin v24.6 - https:\/\/yoast.com\/wordpress\/plugins\/seo\/ -->\n<title>Kina u Hrvatskoj - FILM-mag.net<\/title>\n<meta name=\"robots\" content=\"index, follow, max-snippet:-1, max-image-preview:large, max-video-preview:-1\" \/>\n<link rel=\"canonical\" href=\"https:\/\/film-mag.net\/wp\/?page_id=92\" \/>\n<meta property=\"og:locale\" content=\"en_US\" \/>\n<meta property=\"og:type\" content=\"article\" \/>\n<meta property=\"og:title\" content=\"Kina u Hrvatskoj - FILM-mag.net\" \/>\n<meta property=\"og:description\" content=\"ZAGREB CINESTAR Branimirova 29, 01 4686 600 Branimir Mingle Mall Avenue Mall Kaptol Boutique Cinema Z Centar Arena Centar DOKUKINO KIC HRVATSKI FILMSKI SAVEZ Kino Tu\u0161kanac Raspored projekcija KINO METROPOLIS KINO KINOTEKA CINEPLEXX City Centar East SAMOBOR Kino Samobor VARA\u017dDIN Cinestar Vara\u017edin Lumini Centar Kino Gaj KOPRIVNICA Kino Velebit KARLOVAC Kino Edison\u00a0 RIJEKA ART KINO [&hellip;]\" \/>\n<meta property=\"og:url\" content=\"https:\/\/film-mag.net\/wp\/?page_id=92\" \/>\n<meta property=\"og:site_name\" content=\"FILM-mag.net\" \/>\n<meta property=\"article:modified_time\" content=\"2026-01-28T23:56:38+00:00\" \/>\n<meta name=\"twitter:card\" content=\"summary_large_image\" \/>\n<meta name=\"twitter:label1\" content=\"Est. reading time\" \/>\n\t<meta name=\"twitter:data1\" content=\"1 minute\" \/>\n<script type=\"application\/ld+json\" class=\"yoast-schema-graph\">{\"@context\":\"https:\/\/schema.org\",\"@graph\":[{\"@type\":\"WebPage\",\"@id\":\"https:\/\/film-mag.net\/wp\/?page_id=92\",\"url\":\"https:\/\/film-mag.net\/wp\/?page_id=92\",\"name\":\"Kina u Hrvatskoj - FILM-mag.net\",\"isPartOf\":{\"@id\":\"http:\/\/film-mag.net\/wp\/#website\"},\"datePublished\":\"2012-03-21T14:55:17+00:00\",\"dateModified\":\"2026-01-28T23:56:38+00:00\",\"breadcrumb\":{\"@id\":\"https:\/\/film-mag.net\/wp\/?page_id=92#breadcrumb\"},\"inLanguage\":\"en-US\",\"potentialAction\":[{\"@type\":\"ReadAction\",\"target\":[\"https:\/\/film-mag.net\/wp\/?page_id=92\"]}]},{\"@type\":\"BreadcrumbList\",\"@id\":\"https:\/\/film-mag.net\/wp\/?page_id=92#breadcrumb\",\"itemListElement\":[{\"@type\":\"ListItem\",\"position\":1,\"name\":\"Home\",\"item\":\"http:\/\/film-mag.net\/wp\/\"},{\"@type\":\"ListItem\",\"position\":2,\"name\":\"Kina u Hrvatskoj\"}]},{\"@type\":\"WebSite\",\"@id\":\"http:\/\/film-mag.net\/wp\/#website\",\"url\":\"http:\/\/film-mag.net\/wp\/\",\"name\":\"FILM-mag.net\",\"description\":\"Prvi hrvatski portal o filmu i filmu bliskim podru\u010djima kulture\",\"potentialAction\":[{\"@type\":\"SearchAction\",\"target\":{\"@type\":\"EntryPoint\",\"urlTemplate\":\"http:\/\/film-mag.net\/wp\/?s={search_term_string}\"},\"query-input\":{\"@type\":\"PropertyValueSpecification\",\"valueRequired\":true,\"valueName\":\"search_term_string\"}}],\"inLanguage\":\"en-US\"}]}<\/script>\n<!-- \/ Yoast SEO plugin. -->","yoast_head_json":{"title":"Kina u Hrvatskoj - FILM-mag.net","robots":{"index":"index","follow":"follow","max-snippet":"max-snippet:-1","max-image-preview":"max-image-preview:large","max-video-preview":"max-video-preview:-1"},"canonical":"https:\/\/film-mag.net\/wp\/?page_id=92","og_locale":"en_US","og_type":"article","og_title":"Kina u Hrvatskoj - FILM-mag.net","og_description":"ZAGREB CINESTAR Branimirova 29, 01 4686 600 Branimir Mingle Mall Avenue Mall Kaptol Boutique Cinema Z Centar Arena Centar DOKUKINO KIC HRVATSKI FILMSKI SAVEZ Kino Tu\u0161kanac Raspored projekcija KINO METROPOLIS KINO KINOTEKA CINEPLEXX City Centar East SAMOBOR Kino Samobor VARA\u017dDIN Cinestar Vara\u017edin Lumini Centar Kino Gaj KOPRIVNICA Kino Velebit KARLOVAC Kino Edison\u00a0 RIJEKA ART KINO [&hellip;]","og_url":"https:\/\/film-mag.net\/wp\/?page_id=92","og_site_name":"FILM-mag.net","article_modified_time":"2026-01-28T23:56:38+00:00","twitter_card":"summary_large_image","twitter_misc":{"Est. reading time":"1 minute"},"schema":{"@context":"https:\/\/schema.org","@graph":[{"@type":"WebPage","@id":"https:\/\/film-mag.net\/wp\/?page_id=92","url":"https:\/\/film-mag.net\/wp\/?page_id=92","name":"Kina u Hrvatskoj - FILM-mag.net","isPartOf":{"@id":"http:\/\/film-mag.net\/wp\/#website"},"datePublished":"2012-03-21T14:55:17+00:00","dateModified":"2026-01-28T23:56:38+00:00","breadcrumb":{"@id":"https:\/\/film-mag.net\/wp\/?page_id=92#breadcrumb"},"inLanguage":"en-US","potentialAction":[{"@type":"ReadAction","target":["https:\/\/film-mag.net\/wp\/?page_id=92"]}]},{"@type":"BreadcrumbList","@id":"https:\/\/film-mag.net\/wp\/?page_id=92#breadcrumb","itemListElement":[{"@type":"ListItem","position":1,"name":"Home","item":"http:\/\/film-mag.net\/wp\/"},{"@type":"ListItem","position":2,"name":"Kina u Hrvatskoj"}]},{"@type":"WebSite","@id":"http:\/\/film-mag.net\/wp\/#website","url":"http:\/\/film-mag.net\/wp\/","name":"FILM-mag.net","description":"Prvi hrvatski portal o filmu i filmu bliskim podru\u010djima kulture","potentialAction":[{"@type":"SearchAction","target":{"@type":"EntryPoint","urlTemplate":"http:\/\/film-mag.net\/wp\/?s={search_term_string}"},"query-input":{"@type":"PropertyValueSpecification","valueRequired":true,"valueName":"search_term_string"}}],"inLanguage":"en-US"}]}},"_links":{"self":[{"href":"http:\/\/film-mag.net\/wp\/index.php?rest_route=\/wp\/v2\/pages\/92","targetHints":{"allow":["GET"]}}],"collection":[{"href":"http:\/\/film-mag.net\/wp\/index.php?rest_route=\/wp\/v2\/pages"}],"about":[{"href":"http:\/\/film-mag.net\/wp\/index.php?rest_route=\/wp\/v2\/types\/page"}],"author":[{"embeddable":true,"href":"http:\/\/film-mag.net\/wp\/index.php?rest_route=\/wp\/v2\/users\/1"}],"replies":[{"embeddable":true,"href":"http:\/\/film-mag.net\/wp\/index.php?rest_route=%2Fwp%2Fv2%2Fcomments&post=92"}],"version-history":[{"count":57,"href":"http:\/\/film-mag.net\/wp\/index.php?rest_route=\/wp\/v2\/pages\/92\/revisions"}],"predecessor-version":[{"id":35822,"href":"http:\/\/film-mag.net\/wp\/index.php?rest_route=\/wp\/v2\/pages\/92\/revisions\/35822"}],"wp:attachment":[{"href":"http:\/\/film-mag.net\/wp\/index.php?rest_route=%2Fwp%2Fv2%2Fmedia&parent=92"}],"curies":[{"name":"wp","href":"https:\/\/api.w.org\/{rel}","templated":true}]}}